{"id":214,"date":"2025-01-22T09:16:09","date_gmt":"2025-01-22T09:16:09","guid":{"rendered":"https:\/\/www.grupo-genneo.es\/?page_id=214"},"modified":"2025-06-04T11:43:45","modified_gmt":"2025-06-04T11:43:45","slug":"sobre-nosotros","status":"publish","type":"page","link":"https:\/\/www.grupo-genneo.es\/en\/sobre-nosotros\/","title":{"rendered":"About us"},"content":{"rendered":"<div data-elementor-type=\"wp-page\" data-elementor-id=\"214\" class=\"elementor elementor-214\" data-elementor-post-type=\"page\">\n\t\t\t\t<div class=\"wd-negative-gap elementor-element elementor-element-887c318 wd-section-stretch-content e-flex e-con-boxed e-con e-parent\" data-id=\"887c318\" data-element_type=\"container\" data-e-type=\"container\" data-settings=\"{&quot;background_background&quot;:&quot;gradient&quot;}\">\n\t\t\t\t\t<div class=\"e-con-inner\">\n\t\t<div class=\"elementor-element elementor-element-c1a7fd6 e-con-full e-flex e-con e-child\" data-id=\"c1a7fd6\" data-element_type=\"container\" data-e-type=\"container\">\n\t\t\t\t<div class=\"elementor-element elementor-element-dfc3eb2 elementor-widget elementor-widget-wd_image_or_svg\" data-id=\"dfc3eb2\" data-element_type=\"widget\" data-e-type=\"widget\" data-widget_type=\"wd_image_or_svg.default\">\n\t\t\t\t<div class=\"elementor-widget-container\">\n\t\t\t\t\t\n\t\t<div class=\"wd-image text-left\">\n\t\t\t\t\t\t\t\t<img fetchpriority=\"high\" decoding=\"async\" width=\"650\" height=\"500\" src=\"https:\/\/www.grupo-genneo.es\/wp-content\/uploads\/2024\/12\/home-img-bg-650x500.jpg\" class=\"attachment-650x500 size-650x500\" alt=\"\" \/>\t\t\t\t\t<\/div>\n\n\t\t\t\t\t\t<\/div>\n\t\t\t\t<\/div>\n\t\t\t\t<\/div>\n\t\t<div class=\"elementor-element elementor-element-222c327 e-con-full e-flex e-con e-child\" data-id=\"222c327\" data-element_type=\"container\" data-e-type=\"container\">\n\t\t\t\t<div class=\"elementor-element elementor-element-0f8c709 wd-width-100 elementor-widget elementor-widget-wd_title\" data-id=\"0f8c709\" data-element_type=\"widget\" data-e-type=\"widget\" data-widget_type=\"wd_title.default\">\n\t\t\t\t<div class=\"elementor-widget-container\">\n\t\t\t\t\t\t\t<div class=\"title-wrapper wd-set-mb reset-last-child wd-title-color-black wd-title-style-default wd-title-size-default text-center\">\n\n\t\t\t\t\t\t\t\t\t\t\t<div class=\"title-subtitle subtitle-color-black subtitle-style-default wd-fontsize-xs\">\n\t\t\t\t\tAbout us\t\t\t\t<\/div>\n\t\t\t\n\t\t\t<div class=\"liner-continer\">\n\t\t\t\t<h2 class=\"woodmart-title-container title wd-fontsize-l\">Promoci\u00f3n inmobiliaria y construcci\u00f3n integral <\/h2> \n\t\t\t\t\t\t\t<\/div>\n\n\t\t\t\t\t<\/div>\n\t\t\t\t\t\t<\/div>\n\t\t\t\t<\/div>\n\t\t\t\t<div class=\"elementor-element elementor-element-ca67274 elementor-widget elementor-widget-wd_text_block\" data-id=\"ca67274\" data-element_type=\"widget\" data-e-type=\"widget\" data-widget_type=\"wd_text_block.default\">\n\t\t\t\t<div class=\"elementor-widget-container\">\n\t\t\t\t\t\t\t<div class=\"wd-text-block reset-last-child text-center\">\n\t\t\t\n\t\t\t<p>At Genneo, we are dedicated to real estate development and construction, providing comprehensive solutions that turn ideas into tangible realities. With a vision focused on excellence, we develop innovative projects that respond to the needs of today's market, guaranteeing quality, sustainability and profitability.<\/p><p>We have a team of experts committed to each stage of the process, from planning to execution, ensuring a high level of detail and compliance. Our mission is to create spaces that add value, promoting urban development through efficient and responsible management.<\/p>\n\t\t\t\t\t<\/div>\n\t\t\t\t\t\t<\/div>\n\t\t\t\t<\/div>\n\t\t<div class=\"elementor-element elementor-element-6fd60f2 e-con-full e-flex e-con e-child\" data-id=\"6fd60f2\" data-element_type=\"container\" data-e-type=\"container\">\n\t\t<div class=\"elementor-element elementor-element-30c344d e-con-full e-flex e-con e-child\" data-id=\"30c344d\" data-element_type=\"container\" data-e-type=\"container\">\n\t\t\t\t<div class=\"elementor-element elementor-element-fb6a214 elementor-view-framed elementor-shape-circle elementor-position-block-start elementor-mobile-position-block-start elementor-widget elementor-widget-icon-box\" data-id=\"fb6a214\" data-element_type=\"widget\" data-e-type=\"widget\" data-widget_type=\"icon-box.default\">\n\t\t\t\t<div class=\"elementor-widget-container\">\n\t\t\t\t\t\t\t<div class=\"elementor-icon-box-wrapper\">\n\n\t\t\t\t\t\t<div class=\"elementor-icon-box-icon\">\n\t\t\t\t<span  class=\"elementor-icon\">\n\t\t\t\t<svg xmlns=\"http:\/\/www.w3.org\/2000\/svg\" width=\"24\" height=\"24\" viewbox=\"0 0 24 24\"><circle cx=\"12\" cy=\"12\" r=\"3\" fill=\"currentColor\"><\/circle><path fill=\"currentColor\" fill-opacity=\"0.25\" fill-rule=\"evenodd\" d=\"M12 18a6 6 0 1 0 0-12a6 6 0 0 0 0 12m0 1c1.717 0 3.29-.618 4.508-1.644l.018.018l1.414 1.414a.6.6 0 0 0 .848-.849l-1.414-1.414l-.018-.017A6.97 6.97 0 0 0 19 12c0-1.717-.618-3.29-1.645-4.508l.02-.018l1.413-1.414a.6.6 0 0 0-.848-.849l-1.415 1.415l-.017.019A6.97 6.97 0 0 0 12 5a6.97 6.97 0 0 0-4.507 1.645l-.018-.02L6.06 5.212a.6.6 0 0 0-.848.849l1.414 1.414l.019.018A6.97 6.97 0 0 0 5 12c0 1.717.618 3.29 1.644 4.508l-.018.017l-1.414 1.414a.6.6 0 1 0 .848.849l1.415-1.414l.017-.018A6.97 6.97 0 0 0 12 19\" clip-rule=\"evenodd\"><\/path><\/svg>\t\t\t\t<\/span>\n\t\t\t<\/div>\n\t\t\t\n\t\t\t\t\t\t<div class=\"elementor-icon-box-content\">\n\n\t\t\t\t\t\t\t\t\t<h3 class=\"elementor-icon-box-title\">\n\t\t\t\t\t\t<span  >\n\t\t\t\t\t\t\tMisi\u00f3n\t\t\t\t\t\t<\/span>\n\t\t\t\t\t<\/h3>\n\t\t\t\t\n\t\t\t\t\t\t\t\t\t<p class=\"elementor-icon-box-description\">\n\t\t\t\t\t\tCrear espacios que inspiren <br \/>y conecten.\t\t\t\t\t<\/p>\n\t\t\t\t\n\t\t\t<\/div>\n\t\t\t\n\t\t<\/div>\n\t\t\t\t\t\t<\/div>\n\t\t\t\t<\/div>\n\t\t\t\t<\/div>\n\t\t<div class=\"elementor-element elementor-element-1a18ada e-con-full e-flex e-con e-child\" data-id=\"1a18ada\" data-element_type=\"container\" data-e-type=\"container\">\n\t\t\t\t<div class=\"elementor-element elementor-element-ed52141 elementor-view-framed elementor-shape-circle elementor-position-block-start elementor-mobile-position-block-start elementor-widget elementor-widget-icon-box\" data-id=\"ed52141\" data-element_type=\"widget\" data-e-type=\"widget\" data-widget_type=\"icon-box.default\">\n\t\t\t\t<div class=\"elementor-widget-container\">\n\t\t\t\t\t\t\t<div class=\"elementor-icon-box-wrapper\">\n\n\t\t\t\t\t\t<div class=\"elementor-icon-box-icon\">\n\t\t\t\t<span  class=\"elementor-icon\">\n\t\t\t\t<svg xmlns=\"http:\/\/www.w3.org\/2000\/svg\" width=\"24\" height=\"24\" viewbox=\"0 0 24 24\"><defs><mask id=\"letsIconsLampDuotoneLine0\"><mask id=\"letsIconsLampDuotoneLine1\" fill=\"#fff\"><path fill-rule=\"evenodd\" d=\"M15 15.5c0-.103.056-.2.148-.246a7 7 0 1 0-6.296 0A.27.27 0 0 1 9 15.5v3a2.5 2.5 0 0 0 2.5 2.5h1a2.5 2.5 0 0 0 2.5-2.5z\" clip-rule=\"evenodd\"><\/path><\/mask><g fill=\"none\"><path stroke=\"#c0c0c0\" stroke-linecap=\"round\" stroke-opacity=\"0.25\" d=\"M11 13V9.75c0-.69-.56-1.25-1.25-1.25v0c-.69 0-1.25.56-1.25 1.25v0c0 .69.56 1.25 1.25 1.25h4.5c.69 0 1.25-.56 1.25-1.25v0c0-.69-.56-1.25-1.25-1.25v0c-.69 0-1.25.56-1.25 1.25V13\"><\/path><circle cx=\"12\" cy=\"9\" r=\"6.5\" stroke=\"#c0c0c0\" stroke-opacity=\"0.25\"><\/circle><path fill=\"#fff\" d=\"m8.852 15.254l-.45.893zm6.296 0l-.45-.893zM18 9a6 6 0 0 1-3.302 5.361l.9 1.786A8 8 0 0 0 20 9zm-6-6a6 6 0 0 1 6 6h2a8 8 0 0 0-8-8zM6 9a6 6 0 0 1 6-6V1a8 8 0 0 0-8 8zm3.302 5.361A6 6 0 0 1 6 9H4a8 8 0 0 0 4.402 7.147zM10 18.5v-3H8v3zm1.5 1.5a1.5 1.5 0 0 1-1.5-1.5H8a3.5 3.5 0 0 0 3.5 3.5zm1 0h-1v2h1zm1.5-1.5a1.5 1.5 0 0 1-1.5 1.5v2a3.5 3.5 0 0 0 3.5-3.5zm0-3v3h2v-3zm-5.598.647A.73.73 0 0 1 8 15.5h2c0-.457-.248-.912-.698-1.139zm6.296-1.786c-.45.227-.698.682-.698 1.139h2c0 .25-.136.513-.402.647z\" mask=\"url(#letsIconsLampDuotoneLine1)\"><\/path><\/g><\/mask><\/defs><path fill=\"currentColor\" d=\"M0 0h24v24H0z\" mask=\"url(#letsIconsLampDuotoneLine0)\"><\/path><\/svg>\t\t\t\t<\/span>\n\t\t\t<\/div>\n\t\t\t\n\t\t\t\t\t\t<div class=\"elementor-icon-box-content\">\n\n\t\t\t\t\t\t\t\t\t<h3 class=\"elementor-icon-box-title\">\n\t\t\t\t\t\t<span  >\n\t\t\t\t\t\t\tFilosof\u00eda\t\t\t\t\t\t<\/span>\n\t\t\t\t\t<\/h3>\n\t\t\t\t\n\t\t\t\t\t\t\t\t\t<p class=\"elementor-icon-box-description\">\n\t\t\t\t\t\tCualquier oportunidad es v\u00e1lida para ofrecer respuestas creativas.\t\t\t\t\t<\/p>\n\t\t\t\t\n\t\t\t<\/div>\n\t\t\t\n\t\t<\/div>\n\t\t\t\t\t\t<\/div>\n\t\t\t\t<\/div>\n\t\t\t\t<\/div>\n\t\t\t\t<\/div>\n\t\t\t\t<\/div>\n\t\t\t\t\t<\/div>\n\t\t\t\t<\/div>\n\t\t<div class=\"wd-negative-gap elementor-element elementor-element-8db563d wd-section-stretch-content e-flex e-con-boxed e-con e-parent\" data-id=\"8db563d\" data-element_type=\"container\" data-e-type=\"container\" data-settings=\"{&quot;background_background&quot;:&quot;video&quot;,&quot;background_video_link&quot;:&quot;https:\\\/\\\/www.grupo-genneo.es\\\/wp-content\\\/uploads\\\/2025\\\/01\\\/7578550-hd_1280_720_30fps.mp4&quot;,&quot;background_play_on_mobile&quot;:&quot;yes&quot;}\">\n\t\t\t\t\t<div class=\"e-con-inner\">\n\t\t<div class=\"elementor-background-video-container\">\n\t\t\t\t\t\t\t<video class=\"elementor-background-video-hosted\" role=\"presentation\" autoplay muted playsinline loop><\/video>\n\t\t\t\t\t<\/div><div class=\"elementor-element elementor-element-6c10517 e-con-full e-flex e-con e-child\" data-id=\"6c10517\" data-element_type=\"container\" data-e-type=\"container\">\n\t\t\t\t<div class=\"elementor-element elementor-element-c4c1ee4 wd-width-100 elementor-widget elementor-widget-wd_title\" data-id=\"c4c1ee4\" data-element_type=\"widget\" data-e-type=\"widget\" data-widget_type=\"wd_title.default\">\n\t\t\t\t<div class=\"elementor-widget-container\">\n\t\t\t\t\t\t\t<div class=\"title-wrapper wd-set-mb reset-last-child wd-title-color-white wd-title-style-default wd-title-size-default text-center\">\n\n\t\t\t\n\t\t\t<div class=\"liner-continer\">\n\t\t\t\t<h2 class=\"woodmart-title-container title wd-fontsize-l\">Our approach combines creativity, functionality and economic viability.<\/h2> \n\t\t\t\t\t\t\t<\/div>\n\n\t\t\t\t\t<\/div>\n\t\t\t\t\t\t<\/div>\n\t\t\t\t<\/div>\n\t\t\t\t<div class=\"elementor-element elementor-element-b6c78a3 elementor-widget elementor-widget-wd_text_block\" data-id=\"b6c78a3\" data-element_type=\"widget\" data-e-type=\"widget\" data-widget_type=\"wd_text_block.default\">\n\t\t\t\t<div class=\"elementor-widget-container\">\n\t\t\t\t\t\t\t<div class=\"wd-text-block reset-last-child text-center color-scheme-light\">\n\t\t\t\n\t\t\tWe are a team of architects committed to the search for new contexts and innovative solutions. We believe that every project is an opportunity to transform spaces and improve people's quality of life.\n\t\t\t\t\t<\/div>\n\t\t\t\t\t\t<\/div>\n\t\t\t\t<\/div>\n\t\t\t\t<\/div>\n\t\t\t\t\t<\/div>\n\t\t\t\t<\/div>\n\t\t\t\t<\/div>","protected":false},"excerpt":{"rendered":"<p>Sobre nosotros Promoci\u00f3n inmobiliaria y construcci\u00f3n integral En Genneo, nos dedicamos a la promoci\u00f3n inmobiliaria y construcci\u00f3n, brindando soluciones integrales<\/p>","protected":false},"author":1,"featured_media":0,"parent":0,"menu_order":0,"comment_status":"closed","ping_status":"closed","template":"","meta":{"footnotes":""},"class_list":["post-214","page","type-page","status-publish","hentry"],"yoast_head":"<!-- This site is optimized with the Yoast SEO plugin v25.7 - https:\/\/yoast.com\/wordpress\/plugins\/seo\/ -->\n<title>Grupo Genneo - Empresa de promoci\u00f3n inmobiliaria y construcci\u00f3n<\/title>\n<meta name=\"description\" content=\"Grupo Genneo, empresa de promoci\u00f3n inmobiliaria y construcci\u00f3n integral, especializada en proyectos sostenibles, rentables y de alta calidad.\" \/>\n<meta name=\"robots\" content=\"index, follow, max-snippet:-1, max-image-preview:large, max-video-preview:-1\" \/>\n<link rel=\"canonical\" href=\"https:\/\/www.grupo-genneo.es\/en\/sobre-nosotros\/\" \/>\n<meta property=\"og:locale\" content=\"en_GB\" \/>\n<meta property=\"og:type\" content=\"article\" \/>\n<meta property=\"og:title\" content=\"Grupo Genneo - Empresa de promoci\u00f3n inmobiliaria y construcci\u00f3n\" \/>\n<meta property=\"og:description\" content=\"Grupo Genneo, empresa de promoci\u00f3n inmobiliaria y construcci\u00f3n integral, especializada en proyectos sostenibles, rentables y de alta calidad.\" \/>\n<meta property=\"og:url\" content=\"https:\/\/www.grupo-genneo.es\/en\/sobre-nosotros\/\" \/>\n<meta property=\"og:site_name\" content=\"Genneo\" \/>\n<meta property=\"article:modified_time\" content=\"2025-06-04T11:43:45+00:00\" \/>\n<meta property=\"og:image\" content=\"https:\/\/www.grupo-genneo.es\/wp-content\/uploads\/2024\/12\/home-img-bg-650x500.jpg\" \/>\n<meta name=\"twitter:card\" content=\"summary_large_image\" \/>\n<meta name=\"twitter:label1\" content=\"Estimated reading time\" \/>\n\t<meta name=\"twitter:data1\" content=\"1 minute\" \/>\n<script type=\"application\/ld+json\" class=\"yoast-schema-graph\">{\"@context\":\"https:\/\/schema.org\",\"@graph\":[{\"@type\":\"WebPage\",\"@id\":\"https:\/\/www.grupo-genneo.es\/sobre-nosotros\/\",\"url\":\"https:\/\/www.grupo-genneo.es\/sobre-nosotros\/\",\"name\":\"Grupo Genneo - Empresa de promoci\u00f3n inmobiliaria y construcci\u00f3n\",\"isPartOf\":{\"@id\":\"https:\/\/www.grupo-genneo.es\/#website\"},\"primaryImageOfPage\":{\"@id\":\"https:\/\/www.grupo-genneo.es\/sobre-nosotros\/#primaryimage\"},\"image\":{\"@id\":\"https:\/\/www.grupo-genneo.es\/sobre-nosotros\/#primaryimage\"},\"thumbnailUrl\":\"https:\/\/www.grupo-genneo.es\/wp-content\/uploads\/2024\/12\/home-img-bg-650x500.jpg\",\"datePublished\":\"2025-01-22T09:16:09+00:00\",\"dateModified\":\"2025-06-04T11:43:45+00:00\",\"description\":\"Grupo Genneo, empresa de promoci\u00f3n inmobiliaria y construcci\u00f3n integral, especializada en proyectos sostenibles, rentables y de alta calidad.\",\"breadcrumb\":{\"@id\":\"https:\/\/www.grupo-genneo.es\/sobre-nosotros\/#breadcrumb\"},\"inLanguage\":\"en-GB\",\"potentialAction\":[{\"@type\":\"ReadAction\",\"target\":[\"https:\/\/www.grupo-genneo.es\/sobre-nosotros\/\"]}]},{\"@type\":\"ImageObject\",\"inLanguage\":\"en-GB\",\"@id\":\"https:\/\/www.grupo-genneo.es\/sobre-nosotros\/#primaryimage\",\"url\":\"https:\/\/www.grupo-genneo.es\/wp-content\/uploads\/2024\/12\/home-img-bg-650x500.jpg\",\"contentUrl\":\"https:\/\/www.grupo-genneo.es\/wp-content\/uploads\/2024\/12\/home-img-bg-650x500.jpg\"},{\"@type\":\"BreadcrumbList\",\"@id\":\"https:\/\/www.grupo-genneo.es\/sobre-nosotros\/#breadcrumb\",\"itemListElement\":[{\"@type\":\"ListItem\",\"position\":1,\"name\":\"Portada\",\"item\":\"https:\/\/www.grupo-genneo.es\/\"},{\"@type\":\"ListItem\",\"position\":2,\"name\":\"Sobre nosotros\"}]},{\"@type\":\"WebSite\",\"@id\":\"https:\/\/www.grupo-genneo.es\/#website\",\"url\":\"https:\/\/www.grupo-genneo.es\/\",\"name\":\"Grupo Genneo - Arquitectura, dise\u00f1o y edificaci\u00f3n\",\"description\":\"Arquitectura, dise\u00f1o y edificaci\u00f3n\",\"publisher\":{\"@id\":\"https:\/\/www.grupo-genneo.es\/#organization\"},\"potentialAction\":[{\"@type\":\"SearchAction\",\"target\":{\"@type\":\"EntryPoint\",\"urlTemplate\":\"https:\/\/www.grupo-genneo.es\/?s={search_term_string}\"},\"query-input\":{\"@type\":\"PropertyValueSpecification\",\"valueRequired\":true,\"valueName\":\"search_term_string\"}}],\"inLanguage\":\"en-GB\"},{\"@type\":\"Organization\",\"@id\":\"https:\/\/www.grupo-genneo.es\/#organization\",\"name\":\"Grupo Genneo\",\"url\":\"https:\/\/www.grupo-genneo.es\/\",\"logo\":{\"@type\":\"ImageObject\",\"inLanguage\":\"en-GB\",\"@id\":\"https:\/\/www.grupo-genneo.es\/#\/schema\/logo\/image\/\",\"url\":\"https:\/\/www.grupo-genneo.es\/wp-content\/uploads\/2024\/12\/logo-for-light-380px.png\",\"contentUrl\":\"https:\/\/www.grupo-genneo.es\/wp-content\/uploads\/2024\/12\/logo-for-light-380px.png\",\"width\":380,\"height\":70,\"caption\":\"Grupo Genneo\"},\"image\":{\"@id\":\"https:\/\/www.grupo-genneo.es\/#\/schema\/logo\/image\/\"}}]}<\/script>\n<!-- \/ Yoast SEO plugin. -->","yoast_head_json":{"title":"Grupo Genneo - Empresa de promoci\u00f3n inmobiliaria y construcci\u00f3n","description":"Grupo Genneo, empresa de promoci\u00f3n inmobiliaria y construcci\u00f3n integral, especializada en proyectos sostenibles, rentables y de alta calidad.","robots":{"index":"index","follow":"follow","max-snippet":"max-snippet:-1","max-image-preview":"max-image-preview:large","max-video-preview":"max-video-preview:-1"},"canonical":"https:\/\/www.grupo-genneo.es\/en\/sobre-nosotros\/","og_locale":"en_GB","og_type":"article","og_title":"Grupo Genneo - Empresa de promoci\u00f3n inmobiliaria y construcci\u00f3n","og_description":"Grupo Genneo, empresa de promoci\u00f3n inmobiliaria y construcci\u00f3n integral, especializada en proyectos sostenibles, rentables y de alta calidad.","og_url":"https:\/\/www.grupo-genneo.es\/en\/sobre-nosotros\/","og_site_name":"Genneo","article_modified_time":"2025-06-04T11:43:45+00:00","og_image":[{"url":"https:\/\/www.grupo-genneo.es\/wp-content\/uploads\/2024\/12\/home-img-bg-650x500.jpg","type":"","width":"","height":""}],"twitter_card":"summary_large_image","twitter_misc":{"Estimated reading time":"1 minute"},"schema":{"@context":"https:\/\/schema.org","@graph":[{"@type":"WebPage","@id":"https:\/\/www.grupo-genneo.es\/sobre-nosotros\/","url":"https:\/\/www.grupo-genneo.es\/sobre-nosotros\/","name":"Grupo Genneo - Empresa de promoci\u00f3n inmobiliaria y construcci\u00f3n","isPartOf":{"@id":"https:\/\/www.grupo-genneo.es\/#website"},"primaryImageOfPage":{"@id":"https:\/\/www.grupo-genneo.es\/sobre-nosotros\/#primaryimage"},"image":{"@id":"https:\/\/www.grupo-genneo.es\/sobre-nosotros\/#primaryimage"},"thumbnailUrl":"https:\/\/www.grupo-genneo.es\/wp-content\/uploads\/2024\/12\/home-img-bg-650x500.jpg","datePublished":"2025-01-22T09:16:09+00:00","dateModified":"2025-06-04T11:43:45+00:00","description":"Grupo Genneo, empresa de promoci\u00f3n inmobiliaria y construcci\u00f3n integral, especializada en proyectos sostenibles, rentables y de alta calidad.","breadcrumb":{"@id":"https:\/\/www.grupo-genneo.es\/sobre-nosotros\/#breadcrumb"},"inLanguage":"en-GB","potentialAction":[{"@type":"ReadAction","target":["https:\/\/www.grupo-genneo.es\/sobre-nosotros\/"]}]},{"@type":"ImageObject","inLanguage":"en-GB","@id":"https:\/\/www.grupo-genneo.es\/sobre-nosotros\/#primaryimage","url":"https:\/\/www.grupo-genneo.es\/wp-content\/uploads\/2024\/12\/home-img-bg-650x500.jpg","contentUrl":"https:\/\/www.grupo-genneo.es\/wp-content\/uploads\/2024\/12\/home-img-bg-650x500.jpg"},{"@type":"BreadcrumbList","@id":"https:\/\/www.grupo-genneo.es\/sobre-nosotros\/#breadcrumb","itemListElement":[{"@type":"ListItem","position":1,"name":"Portada","item":"https:\/\/www.grupo-genneo.es\/"},{"@type":"ListItem","position":2,"name":"Sobre nosotros"}]},{"@type":"WebSite","@id":"https:\/\/www.grupo-genneo.es\/#website","url":"https:\/\/www.grupo-genneo.es\/","name":"Grupo Genneo - Arquitectura, dise\u00f1o y edificaci\u00f3n","description":"Arquitectura, dise\u00f1o y edificaci\u00f3n","publisher":{"@id":"https:\/\/www.grupo-genneo.es\/#organization"},"potentialAction":[{"@type":"SearchAction","target":{"@type":"EntryPoint","urlTemplate":"https:\/\/www.grupo-genneo.es\/?s={search_term_string}"},"query-input":{"@type":"PropertyValueSpecification","valueRequired":true,"valueName":"search_term_string"}}],"inLanguage":"en-GB"},{"@type":"Organization","@id":"https:\/\/www.grupo-genneo.es\/#organization","name":"Grupo Genneo","url":"https:\/\/www.grupo-genneo.es\/","logo":{"@type":"ImageObject","inLanguage":"en-GB","@id":"https:\/\/www.grupo-genneo.es\/#\/schema\/logo\/image\/","url":"https:\/\/www.grupo-genneo.es\/wp-content\/uploads\/2024\/12\/logo-for-light-380px.png","contentUrl":"https:\/\/www.grupo-genneo.es\/wp-content\/uploads\/2024\/12\/logo-for-light-380px.png","width":380,"height":70,"caption":"Grupo Genneo"},"image":{"@id":"https:\/\/www.grupo-genneo.es\/#\/schema\/logo\/image\/"}}]}},"_links":{"self":[{"href":"https:\/\/www.grupo-genneo.es\/en\/wp-json\/wp\/v2\/pages\/214","targetHints":{"allow":["GET"]}}],"collection":[{"href":"https:\/\/www.grupo-genneo.es\/en\/wp-json\/wp\/v2\/pages"}],"about":[{"href":"https:\/\/www.grupo-genneo.es\/en\/wp-json\/wp\/v2\/types\/page"}],"author":[{"embeddable":true,"href":"https:\/\/www.grupo-genneo.es\/en\/wp-json\/wp\/v2\/users\/1"}],"replies":[{"embeddable":true,"href":"https:\/\/www.grupo-genneo.es\/en\/wp-json\/wp\/v2\/comments?post=214"}],"version-history":[{"count":13,"href":"https:\/\/www.grupo-genneo.es\/en\/wp-json\/wp\/v2\/pages\/214\/revisions"}],"predecessor-version":[{"id":313,"href":"https:\/\/www.grupo-genneo.es\/en\/wp-json\/wp\/v2\/pages\/214\/revisions\/313"}],"wp:attachment":[{"href":"https:\/\/www.grupo-genneo.es\/en\/wp-json\/wp\/v2\/media?parent=214"}],"curies":[{"name":"wp","href":"https:\/\/api.w.org\/{rel}","templated":true}]}}