{"id":121,"date":"2024-12-30T08:25:27","date_gmt":"2024-12-30T08:25:27","guid":{"rendered":"https:\/\/www.grupo-genneo.es\/?page_id=121"},"modified":"2024-12-30T08:35:20","modified_gmt":"2024-12-30T08:35:20","slug":"blog","status":"publish","type":"page","link":"https:\/\/www.grupo-genneo.es\/en\/blog\/","title":{"rendered":"Blog"},"content":{"rendered":"<div data-elementor-type=\"wp-page\" data-elementor-id=\"121\" class=\"elementor elementor-121\" data-elementor-post-type=\"page\">\n\t\t\t\t<div class=\"wd-negative-gap elementor-element elementor-element-cf8d285 e-flex e-con-boxed e-con e-parent\" data-id=\"cf8d285\" data-element_type=\"container\" data-e-type=\"container\">\n\t\t\t\t\t<div class=\"e-con-inner\">\n\t\t\t\t<div class=\"elementor-element elementor-element-f453a34 wd-width-100 elementor-widget elementor-widget-wd_blog\" data-id=\"f453a34\" data-element_type=\"widget\" data-e-type=\"widget\" data-widget_type=\"wd_blog.default\">\n\t\t\t\t<div class=\"elementor-widget-container\">\n\t\t\t\t\t\t\t\t\t\t\t\t<div class=\"wd-blog-element\">\n\t\t\t\t\t\t\t\t\t\t\t\n\t\t\t\t\t<div class=\"wd-posts wd-blog-holder wd-grid-g\" id=\"69eb80aa51a6c\" data-paged=\"1\" data-atts=\"{&quot;post_type&quot;:&quot;post&quot;,&quot;items_per_page&quot;:12,&quot;include&quot;:null,&quot;taxonomies&quot;:&quot;&quot;,&quot;offset&quot;:&quot;&quot;,&quot;orderby&quot;:&quot;&quot;,&quot;order&quot;:&quot;DESC&quot;,&quot;meta_key&quot;:null,&quot;exclude&quot;:&quot;&quot;,&quot;element_title&quot;:&quot;&quot;,&quot;element_title_tag&quot;:&quot;h4&quot;,&quot;parts_media&quot;:true,&quot;parts_title&quot;:&quot;1&quot;,&quot;parts_meta&quot;:&quot;&quot;,&quot;parts_text&quot;:&quot;1&quot;,&quot;parts_btn&quot;:&quot;1&quot;,&quot;parts_published_date&quot;:&quot;1&quot;,&quot;img_size&quot;:&quot;custom&quot;,&quot;blog_design&quot;:&quot;masonry&quot;,&quot;blog_carousel_design&quot;:null,&quot;blog_masonry&quot;:&quot;&quot;,&quot;blog_columns&quot;:{&quot;unit&quot;:&quot;px&quot;,&quot;size&quot;:3,&quot;sizes&quot;:[]},&quot;blog_columns_tablet&quot;:{&quot;size&quot;:&quot;&quot;},&quot;blog_columns_mobile&quot;:{&quot;size&quot;:&quot;&quot;},&quot;blog_spacing&quot;:&quot;&quot;,&quot;blog_spacing_tablet&quot;:&quot;&quot;,&quot;blog_spacing_mobile&quot;:&quot;&quot;,&quot;pagination&quot;:&quot;&quot;,&quot;speed&quot;:null,&quot;slides_per_view&quot;:null,&quot;slides_per_view_tablet&quot;:{&quot;size&quot;:&quot;&quot;},&quot;slides_per_view_mobile&quot;:{&quot;size&quot;:&quot;&quot;},&quot;wrap&quot;:null,&quot;autoplay&quot;:null,&quot;hide_pagination_control&quot;:null,&quot;hide_prev_next_buttons&quot;:null,&quot;scroll_per_page&quot;:null,&quot;lazy_loading&quot;:&quot;no&quot;,&quot;scroll_carousel_init&quot;:null,&quot;ajax_page&quot;:&quot;&quot;,&quot;custom_sizes&quot;:false,&quot;elementor&quot;:true}\" data-source=\"shortcode\" style=\"--wd-col-lg:3;--wd-col-md:3;--wd-col-sm:1;--wd-gap-lg:20px;--wd-gap-sm:10px;\">\n\t\t\t\n\t\t\t\t\t\t\t\t\t\t\t\t\t\t\n<article id=\"post-295\" class=\"wd-post blog-design-masonry blog-post-loop blog-style-bg wd-add-shadow wd-col post-295 post type-post status-publish format-standard has-post-thumbnail hentry category-uncategorized\">\n\t<div class=\"wd-post-inner article-inner\">\n\t\t\t\t\t<div class=\"wd-post-thumb entry-header\">\n\t\t\t\t\t\t\t\t\t<div class=\"wd-post-img post-img-wrapp\">\n\t\t\t\t\t\t<img fetchpriority=\"high\" decoding=\"async\" width=\"600\" height=\"450\" src=\"https:\/\/www.grupo-genneo.es\/wp-content\/uploads\/2025\/05\/iStock-1332479351_comming-soon-600x450.jpg\" class=\"attachment-600x450 size-600x450\" alt=\"EE.\u202fUU., India, Negocios, Comunicaci\u00f3n, Publicidad, Llegada, Meg\u00e1fono, Mano, Cartel de &quot;Pr\u00f3ximamente&quot;, P\u00f3ster.\" \/>\t\t\t\t\t<\/div>\n\t\t\t\t\t<a class=\"wd-fill\" href=\"https:\/\/www.grupo-genneo.es\/en\/proxima-promocion\/\"><\/a>\n\t\t\t\t\n\t\t\t\t\t\t\t\t\t\t\t\t<div class=\"wd-post-date wd-style-with-bg\">\n\t\t\t\t<span class=\"post-date-day\">\n\t\t\t\t\t13\t\t\t\t<\/span>\n\t\t\t\t<span class=\"post-date-month\">\n\t\t\t\t\tMay\t\t\t\t<\/span>\n\t\t\t<\/div>\n\t\t\t\t\t\t\t\t\t<\/div>\n\t\t\n\t\t<div class=\"wd-post-content article-body-container\">\n\t\t\t\n\t\t\t\t\t\t\t<h3 class=\"wd-post-title wd-entities-title title post-title\">\n\t\t\t\t\t<a href=\"https:\/\/www.grupo-genneo.es\/en\/proxima-promocion\/\" rel=\"bookmark\">PROXIMA PROMOCION<\/a>\n\t\t\t\t<\/h3>\n\t\t\t\n\t\t\t\n\t\t\t\t\t\t\t\t\t\t\t\t<div class=\"wd-post-excerpt entry-content\">\n\t\t\t\t\t\tDesde GENNEO estamos trabajando ultimando informaci\u00f3n para nueva promoci\u00f3n en\t\t\t\t\t<\/div>\n\t\t\t\t\n\t\t\t\t\t\t\t\t\t\t\t\t\t\t<div class=\"wd-post-read-more wd-style-link read-more-section\">\n\t\t\t\t\t\t<a class=\"\" href=\"https:\/\/www.grupo-genneo.es\/en\/proxima-promocion\/\">Continue reading<\/a>\t\t\t\t\t<\/div>\n\t\t\t\t\t\t\t\t\t\t\t\t\t<\/div>\n\t<\/div>\n<\/article>\n\n\t\t\t\t\t\t\t\t\t\t\t\t\t\t\n<article id=\"post-293\" class=\"wd-post blog-design-masonry blog-post-loop blog-style-bg wd-add-shadow wd-col post-293 post type-post status-publish format-standard has-post-thumbnail hentry category-uncategorized\">\n\t<div class=\"wd-post-inner article-inner\">\n\t\t\t\t\t<div class=\"wd-post-thumb entry-header\">\n\t\t\t\t\t\t\t\t\t<div class=\"wd-post-img post-img-wrapp\">\n\t\t\t\t\t\t<img decoding=\"async\" width=\"600\" height=\"450\" src=\"https:\/\/www.grupo-genneo.es\/wp-content\/uploads\/2025\/05\/Captura_1-600x450.jpg\" class=\"attachment-600x450 size-600x450\" alt=\"Torre sunrise Genneo - 4 apartamentos SOLD\" \/>\t\t\t\t\t<\/div>\n\t\t\t\t\t<a class=\"wd-fill\" href=\"https:\/\/www.grupo-genneo.es\/en\/torre-sunrise-i-copy\/\"><\/a>\n\t\t\t\t\n\t\t\t\t\t\t\t\t\t\t\t\t<div class=\"wd-post-date wd-style-with-bg\">\n\t\t\t\t<span class=\"post-date-day\">\n\t\t\t\t\t13\t\t\t\t<\/span>\n\t\t\t\t<span class=\"post-date-month\">\n\t\t\t\t\tMay\t\t\t\t<\/span>\n\t\t\t<\/div>\n\t\t\t\t\t\t\t\t\t<\/div>\n\t\t\n\t\t<div class=\"wd-post-content article-body-container\">\n\t\t\t\n\t\t\t\t\t\t\t<h3 class=\"wd-post-title wd-entities-title title post-title\">\n\t\t\t\t\t<a href=\"https:\/\/www.grupo-genneo.es\/en\/torre-sunrise-i-copy\/\" rel=\"bookmark\">TORRE SUNRISE II<\/a>\n\t\t\t\t<\/h3>\n\t\t\t\n\t\t\t\n\t\t\t\t\t\t\t\t\t\t\t\t<div class=\"wd-post-excerpt entry-content\">\n\t\t\t\t\t\tVolvemos a completar vendido de nuestra promoci\u00f3n de 3 viviendas TORRE SUNRISE II, tambi\u00e9n en ubicaci\u00f3n ideal en Torre de la Horadada.\t\t\t\t\t<\/div>\n\t\t\t\t\n\t\t\t\t\t\t\t\t\t\t\t\t\t\t<div class=\"wd-post-read-more wd-style-link read-more-section\">\n\t\t\t\t\t\t<a class=\"\" href=\"https:\/\/www.grupo-genneo.es\/en\/torre-sunrise-i-copy\/\">Continue reading<\/a>\t\t\t\t\t<\/div>\n\t\t\t\t\t\t\t\t\t\t\t\t\t<\/div>\n\t<\/div>\n<\/article>\n\n\t\t\t\t\t\t\t\t\t\t\t\t\t\t\n<article id=\"post-290\" class=\"wd-post blog-design-masonry blog-post-loop blog-style-bg wd-add-shadow wd-col post-290 post type-post status-publish format-standard has-post-thumbnail hentry category-uncategorized\">\n\t<div class=\"wd-post-inner article-inner\">\n\t\t\t\t\t<div class=\"wd-post-thumb entry-header\">\n\t\t\t\t\t\t\t\t\t<div class=\"wd-post-img post-img-wrapp\">\n\t\t\t\t\t\t<img decoding=\"async\" width=\"600\" height=\"450\" src=\"https:\/\/www.grupo-genneo.es\/wp-content\/uploads\/2025\/05\/Captura_1-600x450.jpg\" class=\"attachment-600x450 size-600x450\" alt=\"Torre sunrise Genneo - 4 apartamentos SOLD\" \/>\t\t\t\t\t<\/div>\n\t\t\t\t\t<a class=\"wd-fill\" href=\"https:\/\/www.grupo-genneo.es\/en\/torre-sunrise-i\/\"><\/a>\n\t\t\t\t\n\t\t\t\t\t\t\t\t\t\t\t\t<div class=\"wd-post-date wd-style-with-bg\">\n\t\t\t\t<span class=\"post-date-day\">\n\t\t\t\t\t13\t\t\t\t<\/span>\n\t\t\t\t<span class=\"post-date-month\">\n\t\t\t\t\tMay\t\t\t\t<\/span>\n\t\t\t<\/div>\n\t\t\t\t\t\t\t\t\t<\/div>\n\t\t\n\t\t<div class=\"wd-post-content article-body-container\">\n\t\t\t\n\t\t\t\t\t\t\t<h3 class=\"wd-post-title wd-entities-title title post-title\">\n\t\t\t\t\t<a href=\"https:\/\/www.grupo-genneo.es\/en\/torre-sunrise-i\/\" rel=\"bookmark\">TORRE SUNRISE I<\/a>\n\t\t\t\t<\/h3>\n\t\t\t\n\t\t\t\n\t\t\t\t\t\t\t\t\t\t\t\t<div class=\"wd-post-excerpt entry-content\">\n\t\t\t\t\t\tColocamos carte de todo vendido de nuestra promoci\u00f3n de 3 viviendas TORRE SUNRISE I en ubicaci\u00f3n ideal en Torre de la Horadada.\t\t\t\t\t<\/div>\n\t\t\t\t\n\t\t\t\t\t\t\t\t\t\t\t\t\t\t<div class=\"wd-post-read-more wd-style-link read-more-section\">\n\t\t\t\t\t\t<a class=\"\" href=\"https:\/\/www.grupo-genneo.es\/en\/torre-sunrise-i\/\">Continue reading<\/a>\t\t\t\t\t<\/div>\n\t\t\t\t\t\t\t\t\t\t\t\t\t<\/div>\n\t<\/div>\n<\/article>\n\n\t\t\t\t\n\t\t\t\t\t\t\t\t<\/div>\n\t\t\t\n\t\t\t\t\t\t\t\t\t\t<\/div>\n\t\t\t\t\t\t\t\t\t\t<\/div>\n\t\t\t\t<\/div>\n\t\t\t\t\t<\/div>\n\t\t\t\t<\/div>\n\t\t\t\t<\/div>","protected":false},"excerpt":{"rendered":"<p>30 Dic Publicaci\u00f3n 4 Maecenas ullamcorper, dui et placerat feugiat, eros pede varius nisi, condimentum viverra felis nunc et lorem.<\/p>","protected":false},"author":1,"featured_media":0,"parent":0,"menu_order":0,"comment_status":"closed","ping_status":"closed","template":"","meta":{"footnotes":""},"class_list":["post-121","page","type-page","status-publish","hentry"],"yoast_head":"<!-- This site is optimized with the Yoast SEO plugin v25.7 - https:\/\/yoast.com\/wordpress\/plugins\/seo\/ -->\n<title>Blog - Genneo<\/title>\n<meta name=\"robots\" content=\"index, follow, max-snippet:-1, max-image-preview:large, max-video-preview:-1\" \/>\n<link rel=\"canonical\" href=\"https:\/\/www.grupo-genneo.es\/en\/blog\/\" \/>\n<meta property=\"og:locale\" content=\"en_GB\" \/>\n<meta property=\"og:type\" content=\"article\" \/>\n<meta property=\"og:title\" content=\"Blog - Genneo\" \/>\n<meta property=\"og:description\" content=\"30 Dic Publicaci\u00f3n 4 Maecenas ullamcorper, dui et placerat feugiat, eros pede varius nisi, condimentum viverra felis nunc et lorem.\" \/>\n<meta property=\"og:url\" content=\"https:\/\/www.grupo-genneo.es\/en\/blog\/\" \/>\n<meta property=\"og:site_name\" content=\"Genneo\" \/>\n<meta property=\"article:modified_time\" content=\"2024-12-30T08:35:20+00:00\" \/>\n<meta property=\"og:image\" content=\"https:\/\/www.grupo-genneo.es\/wp-content\/uploads\/2024\/12\/wood-layout-img-1-600x450.jpg\" \/>\n<meta name=\"twitter:card\" content=\"summary_large_image\" \/>\n<meta name=\"twitter:label1\" content=\"Estimated reading time\" \/>\n\t<meta name=\"twitter:data1\" content=\"1 minute\" \/>\n<script type=\"application\/ld+json\" class=\"yoast-schema-graph\">{\"@context\":\"https:\/\/schema.org\",\"@graph\":[{\"@type\":\"WebPage\",\"@id\":\"https:\/\/www.grupo-genneo.es\/blog\/\",\"url\":\"https:\/\/www.grupo-genneo.es\/blog\/\",\"name\":\"Blog - Genneo\",\"isPartOf\":{\"@id\":\"https:\/\/www.grupo-genneo.es\/#website\"},\"primaryImageOfPage\":{\"@id\":\"https:\/\/www.grupo-genneo.es\/blog\/#primaryimage\"},\"image\":{\"@id\":\"https:\/\/www.grupo-genneo.es\/blog\/#primaryimage\"},\"thumbnailUrl\":\"https:\/\/www.grupo-genneo.es\/wp-content\/uploads\/2024\/12\/wood-layout-img-1-600x450.jpg\",\"datePublished\":\"2024-12-30T08:25:27+00:00\",\"dateModified\":\"2024-12-30T08:35:20+00:00\",\"breadcrumb\":{\"@id\":\"https:\/\/www.grupo-genneo.es\/blog\/#breadcrumb\"},\"inLanguage\":\"en-GB\",\"potentialAction\":[{\"@type\":\"ReadAction\",\"target\":[\"https:\/\/www.grupo-genneo.es\/blog\/\"]}]},{\"@type\":\"ImageObject\",\"inLanguage\":\"en-GB\",\"@id\":\"https:\/\/www.grupo-genneo.es\/blog\/#primaryimage\",\"url\":\"https:\/\/www.grupo-genneo.es\/wp-content\/uploads\/2024\/12\/wood-layout-img-1-600x450.jpg\",\"contentUrl\":\"https:\/\/www.grupo-genneo.es\/wp-content\/uploads\/2024\/12\/wood-layout-img-1-600x450.jpg\"},{\"@type\":\"BreadcrumbList\",\"@id\":\"https:\/\/www.grupo-genneo.es\/blog\/#breadcrumb\",\"itemListElement\":[{\"@type\":\"ListItem\",\"position\":1,\"name\":\"Portada\",\"item\":\"https:\/\/www.grupo-genneo.es\/\"},{\"@type\":\"ListItem\",\"position\":2,\"name\":\"Blog\"}]},{\"@type\":\"WebSite\",\"@id\":\"https:\/\/www.grupo-genneo.es\/#website\",\"url\":\"https:\/\/www.grupo-genneo.es\/\",\"name\":\"Grupo Genneo - Arquitectura, dise\u00f1o y edificaci\u00f3n\",\"description\":\"Arquitectura, dise\u00f1o y edificaci\u00f3n\",\"publisher\":{\"@id\":\"https:\/\/www.grupo-genneo.es\/#organization\"},\"potentialAction\":[{\"@type\":\"SearchAction\",\"target\":{\"@type\":\"EntryPoint\",\"urlTemplate\":\"https:\/\/www.grupo-genneo.es\/?s={search_term_string}\"},\"query-input\":{\"@type\":\"PropertyValueSpecification\",\"valueRequired\":true,\"valueName\":\"search_term_string\"}}],\"inLanguage\":\"en-GB\"},{\"@type\":\"Organization\",\"@id\":\"https:\/\/www.grupo-genneo.es\/#organization\",\"name\":\"Grupo Genneo\",\"url\":\"https:\/\/www.grupo-genneo.es\/\",\"logo\":{\"@type\":\"ImageObject\",\"inLanguage\":\"en-GB\",\"@id\":\"https:\/\/www.grupo-genneo.es\/#\/schema\/logo\/image\/\",\"url\":\"https:\/\/www.grupo-genneo.es\/wp-content\/uploads\/2024\/12\/logo-for-light-380px.png\",\"contentUrl\":\"https:\/\/www.grupo-genneo.es\/wp-content\/uploads\/2024\/12\/logo-for-light-380px.png\",\"width\":380,\"height\":70,\"caption\":\"Grupo Genneo\"},\"image\":{\"@id\":\"https:\/\/www.grupo-genneo.es\/#\/schema\/logo\/image\/\"}}]}<\/script>\n<!-- \/ Yoast SEO plugin. -->","yoast_head_json":{"title":"Blog - Genneo","robots":{"index":"index","follow":"follow","max-snippet":"max-snippet:-1","max-image-preview":"max-image-preview:large","max-video-preview":"max-video-preview:-1"},"canonical":"https:\/\/www.grupo-genneo.es\/en\/blog\/","og_locale":"en_GB","og_type":"article","og_title":"Blog - Genneo","og_description":"30 Dic Publicaci\u00f3n 4 Maecenas ullamcorper, dui et placerat feugiat, eros pede varius nisi, condimentum viverra felis nunc et lorem.","og_url":"https:\/\/www.grupo-genneo.es\/en\/blog\/","og_site_name":"Genneo","article_modified_time":"2024-12-30T08:35:20+00:00","og_image":[{"url":"https:\/\/www.grupo-genneo.es\/wp-content\/uploads\/2024\/12\/wood-layout-img-1-600x450.jpg","type":"","width":"","height":""}],"twitter_card":"summary_large_image","twitter_misc":{"Estimated reading time":"1 minute"},"schema":{"@context":"https:\/\/schema.org","@graph":[{"@type":"WebPage","@id":"https:\/\/www.grupo-genneo.es\/blog\/","url":"https:\/\/www.grupo-genneo.es\/blog\/","name":"Blog - Genneo","isPartOf":{"@id":"https:\/\/www.grupo-genneo.es\/#website"},"primaryImageOfPage":{"@id":"https:\/\/www.grupo-genneo.es\/blog\/#primaryimage"},"image":{"@id":"https:\/\/www.grupo-genneo.es\/blog\/#primaryimage"},"thumbnailUrl":"https:\/\/www.grupo-genneo.es\/wp-content\/uploads\/2024\/12\/wood-layout-img-1-600x450.jpg","datePublished":"2024-12-30T08:25:27+00:00","dateModified":"2024-12-30T08:35:20+00:00","breadcrumb":{"@id":"https:\/\/www.grupo-genneo.es\/blog\/#breadcrumb"},"inLanguage":"en-GB","potentialAction":[{"@type":"ReadAction","target":["https:\/\/www.grupo-genneo.es\/blog\/"]}]},{"@type":"ImageObject","inLanguage":"en-GB","@id":"https:\/\/www.grupo-genneo.es\/blog\/#primaryimage","url":"https:\/\/www.grupo-genneo.es\/wp-content\/uploads\/2024\/12\/wood-layout-img-1-600x450.jpg","contentUrl":"https:\/\/www.grupo-genneo.es\/wp-content\/uploads\/2024\/12\/wood-layout-img-1-600x450.jpg"},{"@type":"BreadcrumbList","@id":"https:\/\/www.grupo-genneo.es\/blog\/#breadcrumb","itemListElement":[{"@type":"ListItem","position":1,"name":"Portada","item":"https:\/\/www.grupo-genneo.es\/"},{"@type":"ListItem","position":2,"name":"Blog"}]},{"@type":"WebSite","@id":"https:\/\/www.grupo-genneo.es\/#website","url":"https:\/\/www.grupo-genneo.es\/","name":"Grupo Genneo - Arquitectura, dise\u00f1o y edificaci\u00f3n","description":"Arquitectura, dise\u00f1o y edificaci\u00f3n","publisher":{"@id":"https:\/\/www.grupo-genneo.es\/#organization"},"potentialAction":[{"@type":"SearchAction","target":{"@type":"EntryPoint","urlTemplate":"https:\/\/www.grupo-genneo.es\/?s={search_term_string}"},"query-input":{"@type":"PropertyValueSpecification","valueRequired":true,"valueName":"search_term_string"}}],"inLanguage":"en-GB"},{"@type":"Organization","@id":"https:\/\/www.grupo-genneo.es\/#organization","name":"Grupo Genneo","url":"https:\/\/www.grupo-genneo.es\/","logo":{"@type":"ImageObject","inLanguage":"en-GB","@id":"https:\/\/www.grupo-genneo.es\/#\/schema\/logo\/image\/","url":"https:\/\/www.grupo-genneo.es\/wp-content\/uploads\/2024\/12\/logo-for-light-380px.png","contentUrl":"https:\/\/www.grupo-genneo.es\/wp-content\/uploads\/2024\/12\/logo-for-light-380px.png","width":380,"height":70,"caption":"Grupo Genneo"},"image":{"@id":"https:\/\/www.grupo-genneo.es\/#\/schema\/logo\/image\/"}}]}},"_links":{"self":[{"href":"https:\/\/www.grupo-genneo.es\/en\/wp-json\/wp\/v2\/pages\/121","targetHints":{"allow":["GET"]}}],"collection":[{"href":"https:\/\/www.grupo-genneo.es\/en\/wp-json\/wp\/v2\/pages"}],"about":[{"href":"https:\/\/www.grupo-genneo.es\/en\/wp-json\/wp\/v2\/types\/page"}],"author":[{"embeddable":true,"href":"https:\/\/www.grupo-genneo.es\/en\/wp-json\/wp\/v2\/users\/1"}],"replies":[{"embeddable":true,"href":"https:\/\/www.grupo-genneo.es\/en\/wp-json\/wp\/v2\/comments?post=121"}],"version-history":[{"count":4,"href":"https:\/\/www.grupo-genneo.es\/en\/wp-json\/wp\/v2\/pages\/121\/revisions"}],"predecessor-version":[{"id":126,"href":"https:\/\/www.grupo-genneo.es\/en\/wp-json\/wp\/v2\/pages\/121\/revisions\/126"}],"wp:attachment":[{"href":"https:\/\/www.grupo-genneo.es\/en\/wp-json\/wp\/v2\/media?parent=121"}],"curies":[{"name":"wp","href":"https:\/\/api.w.org\/{rel}","templated":true}]}}